{"id":237482,"date":"2022-05-24T10:28:08","date_gmt":"2022-05-24T08:28:08","guid":{"rendered":"https:\/\/iconopastt.fr\/?page_id=237482"},"modified":"2022-05-24T10:32:29","modified_gmt":"2022-05-24T08:32:29","slug":"le-projet","status":"publish","type":"page","link":"https:\/\/iconopastt.fr\/en\/le-projet\/","title":{"rendered":"The project"},"content":{"rendered":"<p>[et_pb_section fb_built=&#8221;1&#8243; _builder_version=&#8221;4.17.4&#8243; _module_preset=&#8221;default&#8221; global_colors_info=&#8221;{}&#8221;][et_pb_row _builder_version=&#8221;4.17.4&#8243; _module_preset=&#8221;default&#8221; global_colors_info=&#8221;{}&#8221;][et_pb_column type=&#8221;4_4&#8243; _builder_version=&#8221;4.17.4&#8243; _module_preset=&#8221;default&#8221; global_colors_info=&#8221;{}&#8221;][et_pb_text _builder_version=&#8221;4.17.4&#8243; _module_preset=&#8221;default&#8221; global_colors_info=&#8221;{}&#8221;]<\/p>\n<h1>En savoir plus sur la science derri\u00e8re ICONOPASTT<\/h1>\n<p>[\/et_pb_text][et_pb_text _builder_version=&#8221;4.17.4&#8243; _module_preset=&#8221;default&#8221; text_font=&#8221;|700|||||||&#8221; text_text_color=&#8221;#4398A6&#8243; text_font_size=&#8221;19px&#8221; text_line_height=&#8221;1.6em&#8221; text_font_size_tablet=&#8221;19px&#8221; text_font_size_phone=&#8221;19px&#8221; text_font_size_last_edited=&#8221;on|desktop&#8221; text_line_height_tablet=&#8221;1.6em&#8221; text_line_height_phone=&#8221;1.6em&#8221; text_line_height_last_edited=&#8221;on|desktop&#8221; global_colors_info=&#8221;{}&#8221;]<\/p>\n<p>Apr\u00e8s six mille ans d\u2019histoire holoc\u00e8ne o\u00f9 la pr\u00e9dation marine des territoires fut lente, le 21\u00e8me si\u00e8cle marque un changement radical dans les vitesses de modification des paysages c\u00f4tiers.<\/p>\n<p>[\/et_pb_text][et_pb_text _builder_version=&#8221;4.17.4&#8243; _module_preset=&#8221;default&#8221; global_colors_info=&#8221;{}&#8221;]<\/p>\n<p>Les formations naturelles et les marqueurs d\u2019activit\u00e9 anthropique fossilis\u00e9s constituent autant de t\u00e9moins et d\u2019analogues \u00e0 m\u00eame de nous permettre d\u2019appr\u00e9hender au mieux la r\u00e9silience de ces environnements et des occupations humaines. Les zones d\u2019inondation\/submersion pass\u00e9es constituent des zones de fragilit\u00e9 pr\u00e9f\u00e9rentielle, pr\u00e9sentant donc les plus fortes probabilit\u00e9s de r\u00e9activation en contexte de remont\u00e9e rapide du niveau marin, \u00e0 contrario des zones o\u00f9 les habitats sont rest\u00e9s stables au cours des mill\u00e9naires.<\/p>\n<p>[\/et_pb_text][et_pb_text _builder_version=&#8221;4.17.4&#8243; _module_preset=&#8221;default&#8221; text_font=&#8221;|700|||||||&#8221; text_text_color=&#8221;#4398A6&#8243; text_font_size=&#8221;19px&#8221; text_line_height=&#8221;1.6em&#8221; text_font_size_tablet=&#8221;19px&#8221; text_font_size_phone=&#8221;19px&#8221; text_font_size_last_edited=&#8221;on|desktop&#8221; text_line_height_tablet=&#8221;1.6em&#8221; text_line_height_phone=&#8221;1.6em&#8221; text_line_height_last_edited=&#8221;on|desktop&#8221; global_colors_info=&#8221;{}&#8221;]<\/p>\n<p>Au cours de ces p\u00e9riodes de fortes variations des milieux naturels, les communaut\u00e9s littorales ont su s\u2019ajuster voire s\u2019adapter en d\u00e9pit de leur vuln\u00e9rabilit\u00e9 en faisant preuve d\u2019une certaine souplesse dans l\u2019occupation et l\u2019exploitation d\u2019un territoire mobile (changement d\u2019\u00e9conomie de subsistance, retrait, am\u00e9nagements\u2026). Cette m\u00e9moire est cependant perdue en-de\u00e7\u00e0 d\u2019un ou deux si\u00e8cles et n\u2019existe plus que dans les archives arch\u00e9ologiques, encore incompl\u00e8tement recens\u00e9es et \u00e9tudi\u00e9es sur le littoral alors m\u00eame qu\u2019elles disparaissent au fil de la remont\u00e9e du niveau marin.<\/p>\n<p>[\/et_pb_text][et_pb_text _builder_version=&#8221;4.17.4&#8243; _module_preset=&#8221;default&#8221; global_colors_info=&#8221;{}&#8221;]<\/p>\n<p>Le pr\u00e9sent projet vise \u00e0 collecter des observations issues de la m\u00e9moire collective au travers de la bancarisation de documents iconographiques priv\u00e9s (photos, cartes postales, \u2026). Il s\u2019inscrit dans la dynamique de plusieurs projets lanc\u00e9s d\u00e8s 2013, les projets LITAQ (INTERLABEX COTE\/LASCARBX : Du Pl\u00e9istoc\u00e8ne \u00e0 l\u2019Anthropoc\u00e8ne : conna\u00eetre les m\u00e9canismes pass\u00e9s d\u2019\u00e9volution des populations -v\u00e9g\u00e9tales, animales, humaines- et des milieux pour pr\u00e9dire les r\u00e9ponses futures. L\u2019exemple du LITtoral AQuitain, 2013-2015, <a href=\"http:\/\/litaq.huma-num.fr\" rel=\"nofollow\">http:\/\/litaq.huma-num.fr<\/a>) et EC2CO DRIL FAST-LITAQ (Formations Argilo-Sableuses &amp; Tourbes LITtorales AQuitaines : de leur int\u00e9r\u00eat dans l\u2019\u00e9volution des falaises dunaires du M\u00e9doc, 2016-2017, <a href=\"http:\/\/www.geocean.net\/wikilitaq\/doku.php\" rel=\"nofollow\">http:\/\/www.geocean.net\/wikilitaq\/doku.php<\/a>). Ces deux projets se sont encha\u00een\u00e9s en couplant les comp\u00e9tences pluridisciplinaires d\u2019arch\u00e9ologues, g\u00e9ographes et g\u00e9ologues afin de mieux appr\u00e9hender les dynamiques d\u2019\u00e9volution hommes\/environnements\/climats des littoraux nord-m\u00e9docains \u00e0 l\u2019\u00e9chelle pr\u00e9historique et historique. Ils sont aujourd\u2019hui relay\u00e9s par le projet Nouvelle aquitaine ESTRAN (Erosion et Soci\u00e9t\u00e9 dans le Temps long sur les Rivages de l\u2019Aquitaine Nouvelle) qui implique notamment une communaut\u00e9 non-acad\u00e9mique tr\u00e8s \u00e9largie (Communaut\u00e9 de Communes M\u00e9doc-Atlantique- CDCMA, D\u00e9partement des Recherches Arch\u00e9ologiques Subaquatiques et Sous-Marines-DRASSM, Bordeaux M\u00e9tropole, Service Arch\u00e9ologique D\u00e9partemental de Charente-Maritime, Service R\u00e9gional de l\u2019Arch\u00e9ologie Nouvelle-Aquitaine, Service du Patrimoine et de l\u2019Inventaire \u2013 Site de Bordeaux, Archives D\u00e9partementales de la Gironde, Archives du Port Maritime de Bordeaux, BRGM Direction Nouvelle-Aquitaine).<\/p>\n<p>[\/et_pb_text][et_pb_text _builder_version=&#8221;4.17.4&#8243; _module_preset=&#8221;default&#8221; global_colors_info=&#8221;{}&#8221;]<\/p>\n<p>Nos travaux visent \u00e0 reconstituer l\u2019\u00e9volution des territoires et habitats littoraux au cours des temps pass\u00e9s afin de cerner les zones critiques dans un contexte d\u2019acc\u00e9l\u00e9ration de remont\u00e9e du niveau marin. A la faveur des avanc\u00e9es scientifiques obtenues depuis 2013, des discussions men\u00e9es avec l\u2019ensemble des partenaires, et des \u00e9changes avec les promeneurs lors de nos fouilles sur la plage, il est apparu \u00e9vident que nos observations pouvaient s\u2019enrichir d\u2019une participation effective de la population locale ou de passage, notamment au travers de la collecte de documents iconographiques. Nombreux sont les t\u00e9moins qui nous rapportent spontan\u00e9ment leur m\u00e9moire d\u2019\u00e9v\u00e8nements et de d\u00e9couvertes sur la plage qu\u2019ils ont parfois photographi\u00e9s. Ce projet mise sur l\u2019int\u00e9r\u00eat croissant que les habitants portent \u00e0 leur territoire fragilis\u00e9 par la transition environnementale majeure qui caract\u00e9rise le 21\u00e8me si\u00e8cle.<\/p>\n<p>[\/et_pb_text][et_pb_text _builder_version=&#8221;4.17.4&#8243; _module_preset=&#8221;default&#8221; text_font=&#8221;|700|||||||&#8221; text_text_color=&#8221;#4398A6&#8243; text_font_size=&#8221;19px&#8221; text_line_height=&#8221;1.6em&#8221; text_font_size_tablet=&#8221;19px&#8221; text_font_size_phone=&#8221;19px&#8221; text_font_size_last_edited=&#8221;on|desktop&#8221; text_line_height_tablet=&#8221;1.6em&#8221; text_line_height_phone=&#8221;1.6em&#8221; text_line_height_last_edited=&#8221;on|desktop&#8221; global_colors_info=&#8221;{}&#8221;]<\/p>\n<p>Nous esp\u00e9rons collecter des documents in\u00e9dits et cr\u00e9er ainsi un observatoire de la m\u00e9moire des changements qui ont marqu\u00e9 les derniers 120 ans, et ainsi en assurer la bancarisation et la p\u00e9rennisation.<\/p>\n<p>[\/et_pb_text][et_pb_text _builder_version=&#8221;4.17.4&#8243; _module_preset=&#8221;default&#8221; global_colors_info=&#8221;{}&#8221;]<\/p>\n<p>Un des objectifs concrets de ce projet est de constituer un calendrier r\u00e9trospectif illustr\u00e9 comblant les hiatus dans les observations scientifiques car nos missions de terrains restant ponctuelles, nous savons passer \u00e0 c\u00f4t\u00e9 d\u2019\u00e9v\u00e8nements importants car la variabilit\u00e9 de l\u2019\u00e9tat des plages est grande avec une couverture de sable mouvante d\u2019une mar\u00e9e \u00e0 l\u2019autre sur les formations. Un autre aspect probl\u00e9matique est<br \/>li\u00e9 aux travaux men\u00e9s sur la plage qui, pour recharger ces derni\u00e8res en sable, peuvent aussi alt\u00e9rer les formations \u00e9tudi\u00e9es.<\/p>\n<p>[\/et_pb_text][et_pb_text _builder_version=&#8221;4.17.4&#8243; _module_preset=&#8221;default&#8221; global_colors_info=&#8221;{}&#8221;]<\/p>\n<p>Le dernier rapport du GIEC Aquitain met en exergue la dimension de perte de &#8220;m\u00e9moire&#8221; subie par nos soci\u00e9t\u00e9s modernes depuis un demi-si\u00e8cle comme un facteur d\u2019aggravement des risques (Garnier et al., 2017). Si cet oubli soci\u00e9tal est difficilement contournable (sur-focalisation sur les probl\u00e9matiques actuelles), une &#8220;m\u00e9moire&#8221; subsiste pourtant dans les archives g\u00e9ologiques r\u00e9centes des littoraux, telles celles du secteur de Soulac\/mer. Les submersions subies par les soci\u00e9t\u00e9s anciennes lors de la remont\u00e9e du niveau marin accompagnant les dix derniers mill\u00e9naires ont en effet pi\u00e9g\u00e9 les traces d\u2019activit\u00e9s anthropiques sur l\u2019ensemble du territoire maritime. Ces vestiges submerg\u00e9s ou en cours de submersion constituent des t\u00e9moins exceptionnels de la r\u00e9silience des territoires et des soci\u00e9t\u00e9s.<\/p>\n<p>[\/et_pb_text][et_pb_text _builder_version=&#8221;4.17.4&#8243; _module_preset=&#8221;default&#8221; text_font=&#8221;|700|||||||&#8221; text_text_color=&#8221;#4398A6&#8243; text_font_size=&#8221;19px&#8221; text_line_height=&#8221;1.6em&#8221; text_font_size_tablet=&#8221;19px&#8221; text_font_size_phone=&#8221;19px&#8221; text_font_size_last_edited=&#8221;on|desktop&#8221; text_line_height_tablet=&#8221;1.6em&#8221; text_line_height_phone=&#8221;1.6em&#8221; text_line_height_last_edited=&#8221;on|desktop&#8221; global_colors_info=&#8221;{}&#8221;]<\/p>\n<p>De cette m\u00e9moire g\u00e9ologique ou arch\u00e9ologique, peu lisible pour les non-sp\u00e9cialistes, nous souhaitons passer \u00e0 une m\u00e9moire citoyenne, accessible \u00e0 tous et construite par tous.<\/p>\n<p>[\/et_pb_text][\/et_pb_column][\/et_pb_row][et_pb_row _builder_version=&#8221;4.17.4&#8243; _module_preset=&#8221;default&#8221; hover_enabled=&#8221;0&#8243; global_colors_info=&#8221;{}&#8221; column_structure=&#8221;1_2,1_2&#8243; sticky_enabled=&#8221;0&#8243;][et_pb_column type=&#8221;1_2&#8243; _builder_version=&#8221;4.17.4&#8243; _module_preset=&#8221;default&#8221; global_colors_info=&#8221;{}&#8221;][et_pb_button button_text=&#8221;D\u00e9couvrir les contributions&#8221; _builder_version=&#8221;4.17.4&#8243; _module_preset=&#8221;default&#8221; button_url=&#8221;\/&#8221; hover_enabled=&#8221;0&#8243; sticky_enabled=&#8221;0&#8243; button_alignment=&#8221;right&#8221; button_alignment_last_edited=&#8221;on|tablet&#8221; button_alignment_tablet=&#8221;center&#8221; custom_button=&#8221;on&#8221; button_bg_color=&#8221;#F36E76&#8243; button_bg_enable_color=&#8221;on&#8221; button_alignment_phone=&#8221;center&#8221;][\/et_pb_button][\/et_pb_column][et_pb_column type=&#8221;1_2&#8243; _builder_version=&#8221;4.17.4&#8243; _module_preset=&#8221;default&#8221; global_colors_info=&#8221;{}&#8221;][et_pb_button button_url=&#8221;\/contribuer&#8221; button_text=&#8221;Contribuer&#8221; button_alignment=&#8221;left&#8221; _builder_version=&#8221;4.17.4&#8243; _module_preset=&#8221;default&#8221; hover_enabled=&#8221;0&#8243; global_colors_info=&#8221;{}&#8221; button_alignment_last_edited=&#8221;on|tablet&#8221; sticky_enabled=&#8221;0&#8243; button_alignment_tablet=&#8221;center&#8221; button_alignment_phone=&#8221;center&#8221;][\/et_pb_button][\/et_pb_column][\/et_pb_row][\/et_pb_section]<\/p>\n","protected":false},"excerpt":{"rendered":"<p>En savoir plus sur la science derri\u00e8re ICONOPASTTApr\u00e8s six mille ans d\u2019histoire holoc\u00e8ne o\u00f9 la pr\u00e9dation marine des territoires fut lente, le 21\u00e8me si\u00e8cle marque un changement radical dans les vitesses de modification des paysages c\u00f4tiers.Les formations naturelles et les marqueurs d\u2019activit\u00e9 anthropique fossilis\u00e9s constituent autant de t\u00e9moins et d\u2019analogues \u00e0 m\u00eame de nous permettre [&hellip;]<\/p>\n","protected":false},"author":8,"featured_media":0,"parent":0,"menu_order":0,"comment_status":"closed","ping_status":"closed","template":"","meta":{"_acf_changed":false,"_et_pb_use_builder":"on","_et_pb_old_content":"","_et_gb_content_width":"","footnotes":""},"class_list":["post-237482","page","type-page","status-publish","hentry"],"acf":[],"jetpack_sharing_enabled":true,"_links":{"self":[{"href":"https:\/\/iconopastt.fr\/en\/wp-json\/wp\/v2\/pages\/237482","targetHints":{"allow":["GET"]}}],"collection":[{"href":"https:\/\/iconopastt.fr\/en\/wp-json\/wp\/v2\/pages"}],"about":[{"href":"https:\/\/iconopastt.fr\/en\/wp-json\/wp\/v2\/types\/page"}],"author":[{"embeddable":true,"href":"https:\/\/iconopastt.fr\/en\/wp-json\/wp\/v2\/users\/8"}],"replies":[{"embeddable":true,"href":"https:\/\/iconopastt.fr\/en\/wp-json\/wp\/v2\/comments?post=237482"}],"version-history":[{"count":4,"href":"https:\/\/iconopastt.fr\/en\/wp-json\/wp\/v2\/pages\/237482\/revisions"}],"predecessor-version":[{"id":237488,"href":"https:\/\/iconopastt.fr\/en\/wp-json\/wp\/v2\/pages\/237482\/revisions\/237488"}],"wp:attachment":[{"href":"https:\/\/iconopastt.fr\/en\/wp-json\/wp\/v2\/media?parent=237482"}],"curies":[{"name":"wp","href":"https:\/\/api.w.org\/{rel}","templated":true}]}}